{"id":1212,"date":"2019-05-14T16:38:45","date_gmt":"2019-05-14T14:38:45","guid":{"rendered":"https:\/\/www.atcrm1.it\/?page_id=1212"},"modified":"2025-09-27T13:35:16","modified_gmt":"2025-09-27T11:35:16","slug":"progetto-beccaccia","status":"publish","type":"page","link":"https:\/\/demo.idra.it\/atcrm1\/progetti-dellatc-roma-1\/progetto-beccaccia\/","title":{"rendered":"MONITORAGGIO DELLA BECCACCIA"},"content":{"rendered":"<h3><span style=\"font-family: arial, helvetica, sans-serif; font-size: 12pt;\"><strong>Programma triennale di monitoraggio della beccaccia (S<em>colopax rusticola<\/em>) <\/strong><strong>svernante nel Lazio mediante cane da ferma<\/strong><\/span><\/h3>\n<p>Il progetto \u00e8 finalizzato alla raccolta di dati di presenza\/abbondanza della beccaccia, rilevabili mediante l\u2019adozione del \u201cProtocollo standard nazionale\u201d, attraverso un approccio scientifico. Il progetto ha ricevuto il parere favorevole dell\u2019Istituto Superiore per la Protezione e la Ricerca Ambientale (ISPRA), ed \u00e8 stato autorizzato dalla Direzione Agricoltura, Promozione della Filiera e della Cultura del Cibo, Caccia e Pesca della Regione Lazio, con determinazione n. G14796 del 19\/11\/2018.<\/p>\n<p>Il coordinamento e la gestione del programma sono affidati al Dipartimento di Scienze Agrarie e Forestali dell&#8217;Universit\u00e0 degli Studi della Tuscia (UNITUS-<span class=\"il\">DAFNE<\/span>), responsabile scientifico prof. Andrea Amici.<\/p>\n<p>Per saperne di pi\u00f9 clicca (<a href=\"http:\/\/www.unitus.it\/it\/dipartimento\/dafne\/progetti-di-ricerca-in-corso-di-svolgimento\/articolo\/monitoraggio-della-beccaccia\">qui<\/a>).<\/p>\n<p><strong>Monitoratore di Beccaccia<\/strong><\/p>\n<table>\n<tbody>\n<tr>\n<td style=\"text-align: center;\"><span style=\"background-color: #ffff99;\"><strong>date del corso<\/strong><\/span><\/td>\n<td style=\"text-align: center;\"><span style=\"background-color: #ffff99;\"><strong>modulo adesione al corso e programma<\/strong><\/span><\/td>\n<\/tr>\n<tr>\n<td><strong>30 e 31 maggio 2019<\/strong><\/p>\n<p><span style=\"font-size: 10pt;\">Tutti gli interessati al corso potranno presentare domanda di iscrizione tramite posta elettronica all\u2019indirizzo\u00a0\u00a0<a href=\"mailto:info@atcrm1.it\">info@atcrm1.it<\/a>, fax 06\/41290266, e\/o a mano presso la sede dell\u2019ATC compilando e\/o inviando il modulo di adesione fino ad esaurimento dei 50 posti disponibili, e comunque\u00a0<strong>entro e non oltre il giorno 28 maggio 2019. <\/strong>Eventuali iscrizioni eccedenti saranno tenute in considerazione per ulteriori corsi.<strong><br \/>\n<\/strong><\/span><\/p>\n<p><span style=\"font-size: 10pt;\">Il costo di partecipazione per gli aspiranti monitoratori \u00e8 fissato in \u20ac 30,00 (trenta\/00), da versare sul ccp n\u00b0 1012737530 intestato ad AMBITO TERRITORIALE DI CACCIA RM1 specificando nella causale \u201cCorso per Monitoratore Beccaccia ATCRM1\u2033. La ricevuta dovr\u00e0 essere consegnata il primo giorno di lezione<\/span><\/td>\n<td><a href=\"https:\/\/demo.idra.it\/atcrm1\/images\/Corso%20monitoratore%20beccacce%20atcrm1%20modulo.doc\" target=\"_blank\" rel=\"noopener noreferrer\">MODULO DI PARTECIPAZIONE (DOC)<\/a><\/p>\n<p><a href=\"https:\/\/demo.idra.it\/atcrm1\/wp-content\/uploads\/2019\/05\/programma-corso-beccaccia-2019.pdf\">programma corso beccaccia 2019<\/a><\/td>\n<\/tr>\n<tr>\n<td><strong>12 dicembre 2017<\/strong><\/p>\n<p><span style=\"font-size: 10pt;\">Tutti gli interessati al corso potranno presentare domanda di iscrizione tramite posta elettronica all\u2019indirizzo\u00a0\u00a0<a href=\"mailto:info@atcrm1.it\">info@atcrm1.it<\/a>, fax 06\/41290266, e\/o a mano presso la sede dell\u2019ATC compilando e\/o inviando il modulo di adesione fino ad esaurimento dei 50 posti disponibili, e comunque\u00a0<strong>entro e non oltre il giorno 7 dicembre 2017.\u00a0<\/strong>Eventuali iscrizioni eccedenti saranno tenute in considerazione per ulteriori corsi.<\/span><\/p>\n<p><span style=\"font-size: 10pt;\">Il costo di partecipazione per gli aspiranti monitoratori \u00e8 fissato in \u20ac 30,00 (trenta\/00), da versare sul ccp n\u00b0 1012737530 intestato ad AMBITO TERRITORIALE DI CACCIA RM1 specificando nella causale \u201cCorso per Monitoratore Beccaccia ATCRM1\u2033. La ricevuta dovr\u00e0 essere consegnata il primo giorno di lezione<\/span><\/td>\n<td><a href=\"https:\/\/demo.idra.it\/atcrm1\/images\/Corso%20monitoratore%20beccacce%20atcrm1%20modulo.doc\" target=\"_blank\" rel=\"noopener noreferrer\">MODULO DI PARTECIPAZIONE (DOC)<\/a><a href=\"https:\/\/demo.idra.it\/atcrm1\/images\/Corso%20monitoratore%20beccacce%20atcrm1_programma%20e%20modulo.pdf\" target=\"_blank\" rel=\"noopener noreferrer\">) &#8211; PROGRAMMA (PDF)<\/a><\/td>\n<\/tr>\n<\/tbody>\n<\/table>\n<p>CORSO MONITORATORI BECCACCIA &#8211;<\/p>\n<p><span style=\"font-size: 10pt;\">La Regione Lazio, ha autorizzato con DETERMINAZIONE N. G14796 del 19\/11\/2018 il \u201c<em>Programma triennale di monitoraggio della beccaccia svernante nel Lazio<\/em>\u201d redatto dal Dipartimento DAFNE dell\u2019Universit\u00e0 degli studi della Tuscia, per conto dei 10 ATC del Lazio, affidando allo stesso Dipartimento il coordinamento tecnico scientifico di tutte le attivit\u00e0 previste, compresi i corsi di formazione per i rilevatori da impiegare nelle attivit\u00e0 di monitoraggio della beccaccia mediante cane da ferma. Il coordinamento del corso sar\u00e0 quindi affidato al DAFNE. ll corso avr\u00e0 come responsabile scientifico il Prof. Andrea Amici, come Coordinatore didattico il Dott. Fioravante Serrani. Come previsto nel protocollo nazionale ISPRA, il corpo docente sar\u00e0 composto da tecnici faunistici laureati in materie scientifiche pertinenti che potranno avvalersi delle competenze di un esperto giudice cinofilo afferente all\u2019ENCI.<\/span><\/p>\n<p><span style=\"font-size: 10pt;\">Il corso, della durata di 20 ore, \u00e8 rivolto ai cacciatori ed ai cinofili proprietari di cani da ferma iscritti all\u2019ENCI, con un massimo di 50 partecipanti.<\/span><\/p>\n<p><span style=\"font-size: 10pt;\">Il programma didattico, prevede 2 lezioni teorico\/pratiche di durata complessiva pari a 10 ore ed una esercitazione pratica in campo di 3 ore. Per accedere alla prova finale i partecipanti dovranno aver seguito almeno il 90% delle ore di corso.<\/span><\/p>\n<p><span style=\"font-size: 10pt;\">La verifica finale, volta ad accertare l&#8217;acquisizione delle competenze specifiche trattate durante il corso, deve prevedere una prova scritta con non meno di 30 domande a risposta multipla, un colloquio orale e una prova pratica; per il conseguimento dell&#8217;idoneit\u00e0 (votazione espressa in trentesimi), i candidati devono rispondere correttamente ad almeno 1&#8217;80% delle domande e aver superato positivamente la prova orale e pratica.<\/span><\/p>\n<p><span style=\"font-size: 10pt;\">Si ricorda che per poter svolgere il monitoraggio della beccaccia si dovr\u00e0 abilitare anche i propri cani \u201c<strong>iscritti ENCI<\/strong>\u201d. A tal proposito, l\u2019ATC Roma1 si riserva di indicare successivamente date e costi sulle modalit\u00e0 di abilitazione dei cani.<\/span><\/p>\n","protected":false},"excerpt":{"rendered":"<p>Programma triennale di monitoraggio della beccaccia (Scolopax rusticola) svernante nel Lazio mediante cane da ferma Il progetto \u00e8 finalizzato alla raccolta di dati di presenza\/abbondanza della beccaccia, rilevabili mediante l\u2019adozione del \u201cProtocollo standard nazionale\u201d, attraverso un approccio scientifico. Il progetto ha ricevuto il parere favorevole dell\u2019Istituto Superiore per la Protezione e la Ricerca Ambientale (ISPRA),&hellip;&nbsp;<a href=\"https:\/\/demo.idra.it\/atcrm1\/progetti-dellatc-roma-1\/progetto-beccaccia\/\" rel=\"bookmark\"><span class=\"screen-reader-text\">MONITORAGGIO DELLA BECCACCIA<\/span><\/a><\/p>\n","protected":false},"author":2,"featured_media":0,"parent":1250,"menu_order":0,"comment_status":"closed","ping_status":"closed","template":"","meta":{"neve_meta_sidebar":"","neve_meta_container":"","neve_meta_enable_content_width":"off","neve_meta_content_width":100,"neve_meta_title_alignment":"","neve_meta_author_avatar":"","neve_post_elements_order":"","neve_meta_disable_header":"","neve_meta_disable_footer":"","neve_meta_disable_title":"","_themeisle_gutenberg_block_has_review":false,"footnotes":""},"categories":[],"tags":[],"class_list":["post-1212","page","type-page","status-publish","hentry"],"_links":{"self":[{"href":"https:\/\/demo.idra.it\/atcrm1\/wp-json\/wp\/v2\/pages\/1212","targetHints":{"allow":["GET"]}}],"collection":[{"href":"https:\/\/demo.idra.it\/atcrm1\/wp-json\/wp\/v2\/pages"}],"about":[{"href":"https:\/\/demo.idra.it\/atcrm1\/wp-json\/wp\/v2\/types\/page"}],"author":[{"embeddable":true,"href":"https:\/\/demo.idra.it\/atcrm1\/wp-json\/wp\/v2\/users\/2"}],"replies":[{"embeddable":true,"href":"https:\/\/demo.idra.it\/atcrm1\/wp-json\/wp\/v2\/comments?post=1212"}],"version-history":[{"count":15,"href":"https:\/\/demo.idra.it\/atcrm1\/wp-json\/wp\/v2\/pages\/1212\/revisions"}],"predecessor-version":[{"id":4494,"href":"https:\/\/demo.idra.it\/atcrm1\/wp-json\/wp\/v2\/pages\/1212\/revisions\/4494"}],"up":[{"embeddable":true,"href":"https:\/\/demo.idra.it\/atcrm1\/wp-json\/wp\/v2\/pages\/1250"}],"wp:attachment":[{"href":"https:\/\/demo.idra.it\/atcrm1\/wp-json\/wp\/v2\/media?parent=1212"}],"wp:term":[{"taxonomy":"category","embeddable":true,"href":"https:\/\/demo.idra.it\/atcrm1\/wp-json\/wp\/v2\/categories?post=1212"},{"taxonomy":"post_tag","embeddable":true,"href":"https:\/\/demo.idra.it\/atcrm1\/wp-json\/wp\/v2\/tags?post=1212"}],"curies":[{"name":"wp","href":"https:\/\/api.w.org\/{rel}","templated":true}]}}